{"id":2548,"date":"2025-04-16T10:08:49","date_gmt":"2025-04-16T08:08:49","guid":{"rendered":"https:\/\/www.mensch-und-kommunikation.de\/projects\/"},"modified":"2025-05-28T09:53:51","modified_gmt":"2025-05-28T07:53:51","slug":"projects","status":"publish","type":"page","link":"https:\/\/www.mensch-und-kommunikation.de\/en\/projects\/","title":{"rendered":"Projects"},"content":{"rendered":"<section id=\"block_020d0f94334f435bc9111f16058f4fe7\" class=\"block header bg-no layout-3\">\n\n    <div class=\"container \">\n\n                        <div class=\"row h-100 pt-5\">\n            <div class=\"align-self-md-center col-md-5 pt-5\">\n                <div>\n                <h1>Our<span class=\"textbg-inner\"> showcase<\/span>: Tailor-made solutions for a wide range of requirements<\/h1>\n<p>From global learning journeys to focused skills training &#8211; our project examples show how diverse and effective development with m&amp;k can be.<\/p>\n                <\/div>\n            <\/div>\n            \n                                <div class=\"col-md-6 offset-md-1 bildcol\">\n                <img loading=\"lazy\" decoding=\"async\" width=\"923\" height=\"840\" src=\"https:\/\/www.mensch-und-kommunikation.de\/wp-content\/uploads\/2025\/05\/showcase-923x840.webp\" class=\"\" alt=\"Blaues und gr\u00fcnes Scheinwerferlicht auf einen Punkt gerichtet\" \/>                <div>\n                        <\/div>\n    <\/div>\n<\/section>\n\n\n<section id=\"block_666fb8164f983416bdf714dd1abb8d7a\" class=\"block navigation\">\n    <div class=\"container pt-4 pb-normal bg-no\">\n        <div class=\"row mx-0\">\n        \n            <div class=\"col-md-6 col-lg\">\n                <a class=\"js-scroll-trigger\" href=\"##globaleunternehmen\">Global companies<\/a>\n            <\/div>\n            \n        \n            <div class=\"col-md-6 col-lg\">\n                <a class=\"js-scroll-trigger\" href=\"##oeffentlichersektor\">Public sector &amp; NGO<\/a>\n            <\/div>\n            \n                <\/div>                  \n    <\/div>\n<\/section>\n\n<section id=\"#globaleunternehmen\" class=\"block zweispalter\">\n    <div class=\"container pt-4 pb-0 bg-no\">\n        <div class=\"row sameheightbox\">\n                    <div class=\"col-lg-6 linke-spalte position-relative mb-5 mb-lg-0\">\n                <div class=\"module text \">\n        <h2><span class=\"textbg-inner\">Globally active companies<\/span><\/h2>\n\n    <\/div>            <\/div>\n            <div class=\"col-lg-6 rechte-spalte position-relative\">\n                <div class=\"module text \">\n        <p>Leadership knows no borders &#8211; we develop global leadership programs in over 15 languages. From conception to implementation, we support companies in establishing uniform leadership standards worldwide &#8211; with <a href=\"https:\/\/www.mensch-und-kommunikation.de\/en\/learning-formats\/\">digital learning platforms<\/a>, hybrid training and scalable qualification programs. <\/p>\n\n    <\/div>            <\/div>\n                    <\/div>\n    <\/div>\n<\/section>\n\n<section id=\"block_8a9a56509f846b145ea107954f99a3ce\" class=\"block zweispalter\">\n    <div class=\"container pt-0 pb-normal bg-no\">\n        <div class=\"row sameheightbox\">\n                    <div class=\"col-lg-6 linke-spalte position-relative mb-5 mb-lg-0\">\n                <div class=\"modul karte\">\n    <div class=\"titel sameheightitem \"><h3><span class=\"textbg-inner\">Talent Development<\/span><\/h3>\n<\/div>\n    <div class=\"bild\"><img loading=\"lazy\" decoding=\"async\" width=\"516\" height=\"150\" src=\"https:\/\/www.mensch-und-kommunikation.de\/wp-content\/uploads\/2025\/05\/symbolbild-maschinenbau-e1746093070719-516x150.webp\" class=\"attachment-karte size-karte\" alt=\"Zwei Arbeiter in einer Maschinenhalle\" \/><\/div>\n    <div class=\"text\"><p class=\"h3\">Leadership excellence on a global stage: international learning journeys for talents<\/p>\n<p><strong>Company:<\/strong> Mechanical engineering<br \/>\n<strong>Employees:<\/strong> 18,000<br \/>\n<strong>Executives:<\/strong> 1,000<br \/>\n<strong>Internationality:<\/strong> &gt;15 countries, 15 languages<br \/>\n<strong>Challenges:<\/strong> Continuous talent development<\/p>\n<p>For a leading global mechanical engineering company from the MDAX, we develop and accompany multi-year learning journeys for sustainable talent and leadership development.<br \/>\nSeveral hundred participants go through a tailor-made program of <sup>Blanchard\u00ae<\/sup> training, individual coaching and other development measures every year.<br \/>\nWe are responsible for the complete conception, implementation and administration &#8211; for a strong, global leadership culture.<\/p>\n<\/div>\n<\/div>            <\/div>\n            <div class=\"col-lg-6 rechte-spalte position-relative\">\n                <div class=\"modul karte\">\n    <div class=\"titel sameheightitem \"><h3><span class=\"textbg-inner\">Leadership skills and employee appraisals<\/span><\/h3>\n<\/div>\n    <div class=\"bild\"><img loading=\"lazy\" decoding=\"async\" width=\"516\" height=\"150\" src=\"https:\/\/www.mensch-und-kommunikation.de\/wp-content\/uploads\/2025\/05\/symbolbild-pruefung-zertifizierung-516x150.webp\" class=\"attachment-karte size-karte\" alt=\"Zertifizierung eines Fahrzeugs\" \/><\/div>\n    <div class=\"text\"><p class=\"h3\">Developing strong communication skills: Learning journey for managers<\/p>\n<p><strong>Company:<\/strong> Global testing and certification company<br \/>\n<strong>Employees:<\/strong> 23,000<br \/>\n<strong>Internationality:<\/strong> 60 countries<br \/>\n<strong>Challenges:<\/strong> Development and implementation of a standard for employee appraisals<\/p>\n<p>For an international company in the testing and certification services sector, we implemented a development program to strengthen the communication skills of managers.<br \/>\nIn a virtual learning journey with training, e-learning, coaching and creative transfer measures, we accompanied several hundred managers.<br \/>\nWe designed, implemented and successfully rolled out the program in close cooperation with the client &#8211; for a sustainable improvement in management communication.<\/p>\n<\/div>\n<\/div>            <\/div>\n                    <\/div>\n    <\/div>\n<\/section>\n\n<section id=\"#oeffentlichersektor\" class=\"block zweispalter\">\n    <div class=\"container pt-normal pb-0 bg-no\">\n        <div class=\"row sameheightbox\">\n                    <div class=\"col-lg-6 linke-spalte position-relative mb-5 mb-lg-0\">\n                <div class=\"module text \">\n        <h2><span class=\"textbg-inner\">Public sector &amp; NGOs<\/span><\/h2>\n\n    <\/div>            <\/div>\n            <div class=\"col-lg-6 rechte-spalte position-relative\">\n                <div class=\"module text \">\n        <p>Complex structures, high demands on transparency and a dynamic environment: projects in the public sector require tailor-made solutions that think systemically, strengthen attitudes and enable change. Our work in this area shows how effective learning can succeed even under special conditions. <\/p>\n\n    <\/div>            <\/div>\n                    <\/div>\n    <\/div>\n<\/section>\n\n<section id=\"block_4b3f8ea41f061cc6c9daa8a951225a8f\" class=\"block zweispalter\">\n    <div class=\"container pt-0 pb-normal bg-no\">\n        <div class=\"row sameheightbox\">\n                    <div class=\"col-lg-6 linke-spalte position-relative mb-5 mb-lg-0\">\n                <div class=\"modul karte\">\n    <div class=\"titel sameheightitem \"><h3><span class=\"textbg-inner\">Performance management and building trust<\/span><\/h3>\n<\/div>\n    <div class=\"bild\"><img loading=\"lazy\" decoding=\"async\" width=\"516\" height=\"150\" src=\"https:\/\/www.mensch-und-kommunikation.de\/wp-content\/uploads\/2025\/05\/Mitarbeiterin-Krankenkasse-516x150.webp\" class=\"attachment-karte size-karte\" alt=\"A woman with long blonde hair and a blue blazer sits at a desk, smiling while working on a computer in an office setting. Two computer monitors are visible in the foreground.\" \/><\/div>\n    <div class=\"text\"><h3 class=\"h3\">New performance reviews for a new working reality: <span class=\"textbg-inner\">KPI-based management<\/span> in statutory health insurance<\/h3>\n<p><strong>Company:<\/strong> Statutory health insurance<br \/>\n<strong>Employees:<\/strong> 8,000<br \/>\n<strong>Focus:<\/strong> Germany-wide<br \/>\n<strong>Challenges:<\/strong> Implementation and support of a project for KPI-driven performance discussions<\/p>\n<p>We developed a program to further develop performance management processes and strengthen a trusting management culture for a nationwide statutory health insurance company.<br \/>\nThe focus was on the introduction of structured, KPI-based employee appraisals &#8211; with the aim of making performance transparent and simultaneously promoting trust through dialogue.<br \/>\nWe supported managers in several phases through training, practical workshops and accompanying transfer formats. Together with the client, we developed an individual implementation concept that promotes both measurable results and a stronger relationship culture.<br \/>\nThe project was successfully rolled out &#8211; as the basis for a new quality of performance reviews. <\/p>\n<\/div>\n<\/div>            <\/div>\n            <div class=\"col-lg-6 rechte-spalte position-relative\">\n                <div class=\"modul karte\">\n    <div class=\"titel sameheightitem \"><h3><span class=\"textbg-inner\">Networking and building trust<\/span><\/h3>\n<\/div>\n    <div class=\"bild\"><img loading=\"lazy\" decoding=\"async\" width=\"516\" height=\"150\" src=\"https:\/\/www.mensch-und-kommunikation.de\/wp-content\/uploads\/2025\/05\/Mitarbeitende-NGO-516x150.webp\" class=\"attachment-karte size-karte\" alt=\"Three people wearing yellow shirts volunteer together, sorting canned food into boxes in a bright room with large windows. One person writes on a clipboard, while another organizes cans in the foreground.\" \/><\/div>\n    <div class=\"text\"><div class=\"text\">\n<h3 class=\"h3\">When communication builds bridges: <span class=\"textbg-inner\">storytelling and networking<\/span> in 89 countries<\/h3>\n<p><strong>Company:<\/strong> International NGO<br \/>\n<strong>Employees:<\/strong> &gt;1,000<br \/>\n<strong>Focus:<\/strong> Represented in 89 countries<br \/>\n<strong>Challenges:<\/strong> Considering the intercultural context in networking, storytelling and consulting<\/p>\n<p>For a globally active NGO, we designed a development program that supports employees worldwide in networking professionally, arousing interest among stakeholders and building sustainable relationships.<br \/>\nA special focus was placed on intercultural sensitivity &#8211; crucial for topics such as storytelling, relationship building and consulting processes in an international context.<br \/>\nIn a multi-stage learning journey, we combined interactive digital modules and collaborative exchange formats. This created practical learning spaces that took into account both cultural differences and common communication principles.<br \/>\nThe programme was developed together with the organization and rolled out globally &#8211; for effective communication and a stronger connection to relevant target groups. <\/p>\n<\/div>\n<\/div>\n<\/div>            <\/div>\n                    <\/div>\n    <\/div>\n<\/section>\n\n<section id=\"block_82bcf38e6da98babe2022dacc5052495\" class=\"block zweispalter\">\n    <div class=\"container pt-normal pb-normal bg-no\">\n        <div class=\"row sameheightbox\">\n                    <div class=\"col-lg-6 linke-spalte position-relative mb-5 mb-lg-0\">\n                <div class=\"module text \">\n        <h2>Change needs <span class=\"textbg-inner\">trust<\/span><\/h2>\n<p class=\"subhead\">In people, in processes, in the right support<\/p>\n<p>For over 15 years, M&amp;K has stood for practical training solutions that sustainably strengthen leadership and communication. Individual, scalable, effective &#8211; seamlessly integrated into your organization.<\/p>\n<p>With the highest level of professionalism, vision and flexibility, we support you in building a strong leadership and communication culture.<\/p>\n<p><a class=\"btn btn-primary\" href=\"#\">How we work<\/a><\/p>\n\n    <\/div>            <\/div>\n            <div class=\"col-lg-6 rechte-spalte position-relative\">\n                <img loading=\"lazy\" decoding=\"async\" width=\"640\" height=\"494\" src=\"https:\/\/www.mensch-und-kommunikation.de\/wp-content\/uploads\/2025\/03\/Group-189-640x494.png\" class=\"attachment-zweispalter size-zweispalter\" alt=\"Zwei Frauen l\u00e4cheln in die Kamera \u2013 eine mit langen braunen Haaren, gemustertem Hemd und Jeans, die andere mit kurzen grauen Haaren und gestreiftem Hemd \u2013 vor einem Hintergrund mit \u00fcberlappenden gr\u00fcnen und blaugr\u00fcnen Kreisen und machen Werbung f\u00fcr \u201eWeiterbildung f\u00fcr F\u00fchrung und Kommunikation\u201c.\" srcset=\"https:\/\/www.mensch-und-kommunikation.de\/wp-content\/uploads\/2025\/03\/Group-189-640x494.png 640w, https:\/\/www.mensch-und-kommunikation.de\/wp-content\/uploads\/2025\/03\/Group-189-300x231.png 300w, https:\/\/www.mensch-und-kommunikation.de\/wp-content\/uploads\/2025\/03\/Group-189-768x592.png 768w, https:\/\/www.mensch-und-kommunikation.de\/wp-content\/uploads\/2025\/03\/Group-189-660x509.png 660w, https:\/\/www.mensch-und-kommunikation.de\/wp-content\/uploads\/2025\/03\/Group-189-880x679.png 880w, https:\/\/www.mensch-und-kommunikation.de\/wp-content\/uploads\/2025\/03\/Group-189-260x200.png 260w, https:\/\/www.mensch-und-kommunikation.de\/wp-content\/uploads\/2025\/03\/Group-189.png 948w\" sizes=\"auto, (max-width: 640px) 100vw, 640px\" \/><div class=\"mb-4 abstand\">\n<\/div>\t<div class=\"module zahlen\">\n    <div class=\"row\">\n        <div class=\"col-4\">\n            <span class=\"zahl\">9.000<\/span>\n            +            <div class=\"bez\">Seminars and training courses held<\/div>\n        <\/div>\n        <div class=\"col-4\">\n            <span class=\"zahl\">30<\/span>\n                        <div class=\"bez\">Languages for training availability<\/div>\n        <\/div>\n        <div class=\"col-4\">\n            <span class=\"zahl\">50<\/span>\n            +            <div class=\"bez\">Trainers and coaches<\/div>\n        <\/div>\n    <\/div>\n<\/div>            <\/div>\n                    <\/div>\n    <\/div>\n<\/section>\n\n<section id=\"block_22bd2be5dbef39ce9d24ce75743df328\" class=\"block zweispalter\">\n    <div class=\"container pt-normal pb-normal bg-no\">\n        <div class=\"row sameheightbox\">\n                    <div class=\"col-lg-6 linke-spalte position-relative mb-5 mb-lg-0\">\n                <img loading=\"lazy\" decoding=\"async\" width=\"632\" height=\"498\" src=\"https:\/\/www.mensch-und-kommunikation.de\/wp-content\/uploads\/2025\/04\/Group-359.png\" class=\"attachment-zweispalter size-zweispalter\" alt=\"Jaqui Mackedanz, eine Frau mit langem, welligem blondem Haar, die einen braunen Blazer \u00fcber einem schwarzen Spitzentop tr\u00e4gt, steht vor \u00fcberlappenden blauen und gr\u00fcnen Kreisgrafiken.\" srcset=\"https:\/\/www.mensch-und-kommunikation.de\/wp-content\/uploads\/2025\/04\/Group-359.png 632w, https:\/\/www.mensch-und-kommunikation.de\/wp-content\/uploads\/2025\/04\/Group-359-300x236.png 300w, https:\/\/www.mensch-und-kommunikation.de\/wp-content\/uploads\/2025\/04\/Group-359-260x205.png 260w\" sizes=\"auto, (max-width: 632px) 100vw, 632px\" \/><div class=\"module text rahmen\">\n        <p><strong>Jaqui Mackedanz<\/strong><br \/>\nL&amp;D Specialist<br \/>\n<a class=\"maillink\" href=\"mailto:info@menschundkommunikation.de\">info@menschundkommunikation.de<\/a><br \/>\n<a class=\"phonelink\" href=\"tel:+49%20(89)%2041%2061%2037%20800\">+49 (89) 41 61 37 800<\/a><\/p>\n\n    <\/div>            <\/div>\n            <div class=\"col-lg-6 rechte-spalte position-relative\">\n                <div class=\"module text \">\n        <h2><span class=\"textbg-inner\">Contact us<\/span><\/h2>\n<p>Get in touch with us! Our L&amp;D team will get back to you promptly to provide you with expert support. <\/p>\n<p class=\"wpcf7-contact-form-not-found\"><strong>Error:<\/strong> Contact form not found.<\/p>\n\n    <\/div>            <\/div>\n                    <\/div>\n    <\/div>\n<\/section>\n\n","protected":false},"excerpt":{"rendered":"","protected":false},"author":2,"featured_media":0,"parent":0,"menu_order":0,"comment_status":"closed","ping_status":"closed","template":"","meta":{"_acf_changed":false,"footnotes":""},"class_list":["post-2548","page","type-page","status-publish","hentry"],"acf":[],"yoast_head":"<!-- This site is optimized with the Yoast SEO Premium plugin v27.3 (Yoast SEO v27.5) - https:\/\/yoast.com\/product\/yoast-seo-premium-wordpress\/ -->\n<title>Projects - mensch &amp; kommunikation<\/title>\n<meta name=\"description\" content=\"Insights into training and coaching projects: Find out how we effectively support successful projects on the topics of leadership, communication and cultural development in companies.\" \/>\n<meta name=\"robots\" content=\"index, follow, max-snippet:-1, max-image-preview:large, max-video-preview:-1\" \/>\n<link rel=\"canonical\" href=\"https:\/\/www.mensch-und-kommunikation.de\/en\/projects\/\" \/>\n<meta property=\"og:locale\" content=\"en_US\" \/>\n<meta property=\"og:type\" content=\"article\" \/>\n<meta property=\"og:title\" content=\"Projects\" \/>\n<meta property=\"og:description\" content=\"Insights into training and coaching projects: Find out how we effectively support successful projects on the topics of leadership, communication and cultural development in companies.\" \/>\n<meta property=\"og:url\" content=\"https:\/\/www.mensch-und-kommunikation.de\/en\/projects\/\" \/>\n<meta property=\"og:site_name\" content=\"mensch &amp; kommunikation\" \/>\n<meta property=\"article:modified_time\" content=\"2025-05-28T07:53:51+00:00\" \/>\n<meta name=\"twitter:card\" content=\"summary_large_image\" \/>\n<script type=\"application\/ld+json\" class=\"yoast-schema-graph\">{\"@context\":\"https:\\\/\\\/schema.org\",\"@graph\":[{\"@type\":\"WebPage\",\"@id\":\"https:\\\/\\\/www.mensch-und-kommunikation.de\\\/en\\\/projects\\\/\",\"url\":\"https:\\\/\\\/www.mensch-und-kommunikation.de\\\/en\\\/projects\\\/\",\"name\":\"Projects - mensch &amp; kommunikation\",\"isPartOf\":{\"@id\":\"https:\\\/\\\/www.mensch-und-kommunikation.de\\\/en\\\/#website\"},\"datePublished\":\"2025-04-16T08:08:49+00:00\",\"dateModified\":\"2025-05-28T07:53:51+00:00\",\"description\":\"Insights into training and coaching projects: Find out how we effectively support successful projects on the topics of leadership, communication and cultural development in companies.\",\"breadcrumb\":{\"@id\":\"https:\\\/\\\/www.mensch-und-kommunikation.de\\\/en\\\/projects\\\/#breadcrumb\"},\"inLanguage\":\"en-US\",\"potentialAction\":[{\"@type\":\"ReadAction\",\"target\":[\"https:\\\/\\\/www.mensch-und-kommunikation.de\\\/en\\\/projects\\\/\"]}]},{\"@type\":\"BreadcrumbList\",\"@id\":\"https:\\\/\\\/www.mensch-und-kommunikation.de\\\/en\\\/projects\\\/#breadcrumb\",\"itemListElement\":[{\"@type\":\"ListItem\",\"position\":1,\"name\":\"Home\",\"item\":\"https:\\\/\\\/www.mensch-und-kommunikation.de\\\/en\\\/\"},{\"@type\":\"ListItem\",\"position\":2,\"name\":\"Projects\"}]},{\"@type\":\"WebSite\",\"@id\":\"https:\\\/\\\/www.mensch-und-kommunikation.de\\\/en\\\/#website\",\"url\":\"https:\\\/\\\/www.mensch-und-kommunikation.de\\\/en\\\/\",\"name\":\"mensch & kommunikation\",\"description\":\"learn. develop. grow.\",\"publisher\":{\"@id\":\"https:\\\/\\\/www.mensch-und-kommunikation.de\\\/en\\\/#organization\"},\"alternateName\":\"m&k\",\"potentialAction\":[{\"@type\":\"SearchAction\",\"target\":{\"@type\":\"EntryPoint\",\"urlTemplate\":\"https:\\\/\\\/www.mensch-und-kommunikation.de\\\/en\\\/?s={search_term_string}\"},\"query-input\":{\"@type\":\"PropertyValueSpecification\",\"valueRequired\":true,\"valueName\":\"search_term_string\"}}],\"inLanguage\":\"en-US\"},{\"@type\":\"Organization\",\"@id\":\"https:\\\/\\\/www.mensch-und-kommunikation.de\\\/en\\\/#organization\",\"name\":\"mensch & kommunikation GmbH\",\"url\":\"https:\\\/\\\/www.mensch-und-kommunikation.de\\\/en\\\/\",\"logo\":{\"@type\":\"ImageObject\",\"inLanguage\":\"en-US\",\"@id\":\"https:\\\/\\\/www.mensch-und-kommunikation.de\\\/en\\\/#\\\/schema\\\/logo\\\/image\\\/\",\"url\":\"https:\\\/\\\/www.mensch-und-kommunikation.de\\\/wp-content\\\/uploads\\\/2025\\\/05\\\/Logo-mk-Claim-2023-RGB-1000px-Kopie.jpg\",\"contentUrl\":\"https:\\\/\\\/www.mensch-und-kommunikation.de\\\/wp-content\\\/uploads\\\/2025\\\/05\\\/Logo-mk-Claim-2023-RGB-1000px-Kopie.jpg\",\"width\":1000,\"height\":521,\"caption\":\"mensch & kommunikation GmbH\"},\"image\":{\"@id\":\"https:\\\/\\\/www.mensch-und-kommunikation.de\\\/en\\\/#\\\/schema\\\/logo\\\/image\\\/\"},\"sameAs\":[\"https:\\\/\\\/www.linkedin.com\\\/company\\\/mensch-kommunikation-gmbh\"],\"description\":\"Die mensch & kommunikation GmbH ist ein seit 2011 etablierter Anbieter von Kommunikationtrainings und F\u00fchrungstrainings mit dem Fokus auf mittlere und gro\u00dfe Organisationen und Unternehmen. Wir sind als Blanchard Global Partner zertifiziert\",\"email\":\"info@menschundkommunikation.de\",\"telephone\":\"+49 89 41 61 37 800\",\"legalName\":\"mensch & kommunikation GmbH\",\"foundingDate\":\"2011-01-02\",\"vatID\":\"DE275433591\",\"duns\":\"341895701\",\"leiCode\":\"9845004FF1F8DC08B449\",\"numberOfEmployees\":{\"@type\":\"QuantitativeValue\",\"minValue\":\"1\",\"maxValue\":\"10\"}}]}<\/script>\n<!-- \/ Yoast SEO Premium plugin. -->","yoast_head_json":{"title":"Projects - mensch &amp; kommunikation","description":"Insights into training and coaching projects: Find out how we effectively support successful projects on the topics of leadership, communication and cultural development in companies.","robots":{"index":"index","follow":"follow","max-snippet":"max-snippet:-1","max-image-preview":"max-image-preview:large","max-video-preview":"max-video-preview:-1"},"canonical":"https:\/\/www.mensch-und-kommunikation.de\/en\/projects\/","og_locale":"en_US","og_type":"article","og_title":"Projects","og_description":"Insights into training and coaching projects: Find out how we effectively support successful projects on the topics of leadership, communication and cultural development in companies.","og_url":"https:\/\/www.mensch-und-kommunikation.de\/en\/projects\/","og_site_name":"mensch &amp; kommunikation","article_modified_time":"2025-05-28T07:53:51+00:00","twitter_card":"summary_large_image","schema":{"@context":"https:\/\/schema.org","@graph":[{"@type":"WebPage","@id":"https:\/\/www.mensch-und-kommunikation.de\/en\/projects\/","url":"https:\/\/www.mensch-und-kommunikation.de\/en\/projects\/","name":"Projects - mensch &amp; kommunikation","isPartOf":{"@id":"https:\/\/www.mensch-und-kommunikation.de\/en\/#website"},"datePublished":"2025-04-16T08:08:49+00:00","dateModified":"2025-05-28T07:53:51+00:00","description":"Insights into training and coaching projects: Find out how we effectively support successful projects on the topics of leadership, communication and cultural development in companies.","breadcrumb":{"@id":"https:\/\/www.mensch-und-kommunikation.de\/en\/projects\/#breadcrumb"},"inLanguage":"en-US","potentialAction":[{"@type":"ReadAction","target":["https:\/\/www.mensch-und-kommunikation.de\/en\/projects\/"]}]},{"@type":"BreadcrumbList","@id":"https:\/\/www.mensch-und-kommunikation.de\/en\/projects\/#breadcrumb","itemListElement":[{"@type":"ListItem","position":1,"name":"Home","item":"https:\/\/www.mensch-und-kommunikation.de\/en\/"},{"@type":"ListItem","position":2,"name":"Projects"}]},{"@type":"WebSite","@id":"https:\/\/www.mensch-und-kommunikation.de\/en\/#website","url":"https:\/\/www.mensch-und-kommunikation.de\/en\/","name":"mensch & kommunikation","description":"learn. develop. grow.","publisher":{"@id":"https:\/\/www.mensch-und-kommunikation.de\/en\/#organization"},"alternateName":"m&k","potentialAction":[{"@type":"SearchAction","target":{"@type":"EntryPoint","urlTemplate":"https:\/\/www.mensch-und-kommunikation.de\/en\/?s={search_term_string}"},"query-input":{"@type":"PropertyValueSpecification","valueRequired":true,"valueName":"search_term_string"}}],"inLanguage":"en-US"},{"@type":"Organization","@id":"https:\/\/www.mensch-und-kommunikation.de\/en\/#organization","name":"mensch & kommunikation GmbH","url":"https:\/\/www.mensch-und-kommunikation.de\/en\/","logo":{"@type":"ImageObject","inLanguage":"en-US","@id":"https:\/\/www.mensch-und-kommunikation.de\/en\/#\/schema\/logo\/image\/","url":"https:\/\/www.mensch-und-kommunikation.de\/wp-content\/uploads\/2025\/05\/Logo-mk-Claim-2023-RGB-1000px-Kopie.jpg","contentUrl":"https:\/\/www.mensch-und-kommunikation.de\/wp-content\/uploads\/2025\/05\/Logo-mk-Claim-2023-RGB-1000px-Kopie.jpg","width":1000,"height":521,"caption":"mensch & kommunikation GmbH"},"image":{"@id":"https:\/\/www.mensch-und-kommunikation.de\/en\/#\/schema\/logo\/image\/"},"sameAs":["https:\/\/www.linkedin.com\/company\/mensch-kommunikation-gmbh"],"description":"Die mensch & kommunikation GmbH ist ein seit 2011 etablierter Anbieter von Kommunikationtrainings und F\u00fchrungstrainings mit dem Fokus auf mittlere und gro\u00dfe Organisationen und Unternehmen. Wir sind als Blanchard Global Partner zertifiziert","email":"info@menschundkommunikation.de","telephone":"+49 89 41 61 37 800","legalName":"mensch & kommunikation GmbH","foundingDate":"2011-01-02","vatID":"DE275433591","duns":"341895701","leiCode":"9845004FF1F8DC08B449","numberOfEmployees":{"@type":"QuantitativeValue","minValue":"1","maxValue":"10"}}]}},"_links":{"self":[{"href":"https:\/\/www.mensch-und-kommunikation.de\/en\/wp-json\/wp\/v2\/pages\/2548","targetHints":{"allow":["GET"]}}],"collection":[{"href":"https:\/\/www.mensch-und-kommunikation.de\/en\/wp-json\/wp\/v2\/pages"}],"about":[{"href":"https:\/\/www.mensch-und-kommunikation.de\/en\/wp-json\/wp\/v2\/types\/page"}],"author":[{"embeddable":true,"href":"https:\/\/www.mensch-und-kommunikation.de\/en\/wp-json\/wp\/v2\/users\/2"}],"replies":[{"embeddable":true,"href":"https:\/\/www.mensch-und-kommunikation.de\/en\/wp-json\/wp\/v2\/comments?post=2548"}],"version-history":[{"count":1,"href":"https:\/\/www.mensch-und-kommunikation.de\/en\/wp-json\/wp\/v2\/pages\/2548\/revisions"}],"predecessor-version":[{"id":2549,"href":"https:\/\/www.mensch-und-kommunikation.de\/en\/wp-json\/wp\/v2\/pages\/2548\/revisions\/2549"}],"wp:attachment":[{"href":"https:\/\/www.mensch-und-kommunikation.de\/en\/wp-json\/wp\/v2\/media?parent=2548"}],"curies":[{"name":"wp","href":"https:\/\/api.w.org\/{rel}","templated":true}]}}